{"id":36,"date":"2024-05-10T22:23:02","date_gmt":"2024-05-10T22:23:02","guid":{"rendered":"https:\/\/goldenerdachs.ch\/index.php\/home\/"},"modified":"2026-04-25T13:35:18","modified_gmt":"2026-04-25T13:35:18","slug":"home","status":"publish","type":"page","link":"https:\/\/goldenerdachs.ch\/","title":{"rendered":"Home"},"content":{"rendered":"<style>.kb-row-layout-id14439_5f1b16-c7 > .kt-row-column-wrap{align-content:center;}:where(.kb-row-layout-id14439_5f1b16-c7 > .kt-row-column-wrap) > .wp-block-kadence-column{justify-content:center;}.kb-row-layout-id14439_5f1b16-c7 > .kt-row-column-wrap{column-gap:var(--global-kb-gap-lg, 4rem);row-gap:var(--global-kb-gap-md, 2rem);max-width:var( --global-content-width, 1290px );padding-left:var(--global-content-edge-padding);padding-right:var(--global-content-edge-padding);padding-top:var(--global-kb-spacing-4xl, 8rem);padding-bottom:var(--global-kb-spacing-5xl, 10rem);grid-template-columns:minmax(0, calc(55% - ((var(--global-kb-gap-lg, 4rem) * 1 )\/2)))minmax(0, calc(45% - ((var(--global-kb-gap-lg, 4rem) * 1 )\/2)));}.kb-row-layout-id14439_5f1b16-c7 > .kt-row-layout-overlay{opacity:0.30;}.kb-row-layout-id14439_5f1b16-c7 .kt-row-layout-bottom-sep{height:100px;}.kb-row-layout-id14439_5f1b16-c7 .kt-row-layout-bottom-sep svg{width:100%;}.kb-row-layout-id14439_5f1b16-c7 .kt-row-layout-bottom-sep svg{fill:var(--global-palette9, #ffffff)!important;}@media all and (max-width: 1024px){.kb-row-layout-id14439_5f1b16-c7 > .kt-row-column-wrap{grid-template-columns:minmax(0, 2fr) minmax(0, 1fr);}}@media all and (max-width: 1024px){.kb-row-layout-id14439_5f1b16-c7 .kt-row-layout-bottom-sep{height:80px;}}@media all and (max-width: 1024px){.kb-row-layout-id14439_5f1b16-c7 .kt-row-layout-bottom-sep svg{width:%;}}@media all and (max-width: 767px){.kb-row-layout-id14439_5f1b16-c7 > .kt-row-column-wrap{padding-top:var(--global-kb-spacing-3xl, 6.5rem);padding-bottom:var(--global-kb-spacing-3xl, 6.5rem);grid-template-columns:minmax(0, 1fr);}.kb-row-layout-id14439_5f1b16-c7 .kt-row-layout-bottom-sep{height:60px;}.kb-row-layout-id14439_5f1b16-c7 .kt-row-layout-bottom-sep svg{width:%;}}<\/style><div class=\"kb-row-layout-wrap kb-row-layout-id14439_5f1b16-c7 alignfull has-theme-palette8-background-color kt-row-has-bg kb-divider-static wp-block-kadence-rowlayout\"><div class=\"kt-row-layout-bottom-sep kt-row-sep-type-crvi\"><svg viewBox=\"0 0 1000 100\" preserveAspectRatio=\"none\"><path d=\"M1000,0c0,0 -270.987,98 -500,98c-229.013,0 -500,-98 -500,-98l0,100l1000,0l0,-100Z\" \/><\/svg><\/div><div class=\"kt-row-column-wrap kt-has-2-columns kt-row-layout-equal kt-tab-layout-left-golden kt-mobile-layout-row kt-row-valign-middle kb-theme-content-width\">\r\n<p><span style=\"font-family: Nunito, sans-serif; font-size: 36px; font-weight: bold;\"><img loading=\"lazy\" decoding=\"async\" class=\"size-full wp-image-414 aligncenter\" src=\"https:\/\/goldenerdachs.ch\/wp-content\/uploads\/2024\/09\/DSC_0532-scaled.jpg\" alt=\"\" width=\"2560\" height=\"1707\" srcset=\"https:\/\/goldenerdachs.ch\/wp-content\/uploads\/2024\/09\/DSC_0532-scaled.jpg 2560w, https:\/\/goldenerdachs.ch\/wp-content\/uploads\/2024\/09\/DSC_0532-300x200.jpg 300w, https:\/\/goldenerdachs.ch\/wp-content\/uploads\/2024\/09\/DSC_0532-1024x683.jpg 1024w, https:\/\/goldenerdachs.ch\/wp-content\/uploads\/2024\/09\/DSC_0532-768x512.jpg 768w, https:\/\/goldenerdachs.ch\/wp-content\/uploads\/2024\/09\/DSC_0532-1536x1024.jpg 1536w, https:\/\/goldenerdachs.ch\/wp-content\/uploads\/2024\/09\/DSC_0532-2048x1365.jpg 2048w\" sizes=\"auto, (max-width: 2560px) 100vw, 2560px\" \/><\/span><\/p>\r\n<p><span style=\"font-family: Nunito, sans-serif; font-size: 18px; font-weight: bold;\"><span style=\"font-family: Nunito, sans-serif; font-size: 20px; font-weight: bold;\">Goldener Dachs &#8211; Ihr Treffpunkt f\u00fcr Kultur und Gesellschaft<a href=\"https:\/\/goldenerdachs.ch\/wp-content\/uploads\/2026\/04\/Programm-Dachs-AprMai2026_web-scaled.jpg\"><img loading=\"lazy\" decoding=\"async\" class=\"alignright wp-image-1485 size-medium\" src=\"https:\/\/goldenerdachs.ch\/wp-content\/uploads\/2026\/04\/Programm-Dachs-AprMai2026_web-217x300.jpg\" alt=\"\" width=\"217\" height=\"300\" srcset=\"https:\/\/goldenerdachs.ch\/wp-content\/uploads\/2026\/04\/Programm-Dachs-AprMai2026_web-217x300.jpg 217w, https:\/\/goldenerdachs.ch\/wp-content\/uploads\/2026\/04\/Programm-Dachs-AprMai2026_web-742x1024.jpg 742w, https:\/\/goldenerdachs.ch\/wp-content\/uploads\/2026\/04\/Programm-Dachs-AprMai2026_web-768x1060.jpg 768w, https:\/\/goldenerdachs.ch\/wp-content\/uploads\/2026\/04\/Programm-Dachs-AprMai2026_web-1113x1536.jpg 1113w, https:\/\/goldenerdachs.ch\/wp-content\/uploads\/2026\/04\/Programm-Dachs-AprMai2026_web-1484x2048.jpg 1484w, https:\/\/goldenerdachs.ch\/wp-content\/uploads\/2026\/04\/Programm-Dachs-AprMai2026_web-scaled.jpg 1855w\" sizes=\"auto, (max-width: 217px) 100vw, 217px\" \/><\/a><\/span><br \/><\/span><span style=\"font-family: var(--global-body-font-family);\">Entdecken Sie unsere n\u00e4chsten <a href=\"https:\/\/goldenerdachs.ch\/index.php\/events\/\">Events<\/a><br \/>Immer informiert was l\u00e4uft auf unserem <a href=\"https:\/\/whatsapp.com\/channel\/0029VbAzheMHVvTkEMJ7et17\">Whatsapp-Kanal<\/a><\/span><\/p>\r\n<p><strong style=\"font-family: var(--global-body-font-family);\">\u00d6ffnungszeiten:<br \/><\/strong><strong style=\"font-family: var(--global-body-font-family);\">1. Mai: geschlossen<br \/>Do 14. Mai &#8211; Mo 25. Mai: geschlossen<br \/><\/strong><a href=\"https:\/\/goldenerdachs.ch\/index.php\/mitdaxpause\/\">Dienstag bis Freitag ab 11:30 Uhr &#8211; mitDAXpause &#8211; Buffet<\/a><a href=\"https:\/\/goldenerdachs.ch\/index.php\/mitdaxpause\/\"><img loading=\"lazy\" decoding=\"async\" class=\"alignright wp-image-1008\" src=\"https:\/\/goldenerdachs.ch\/wp-content\/uploads\/2025\/09\/mitdaxpause_logo-300x126.jpg\" alt=\"\" width=\"150\" height=\"63\" srcset=\"https:\/\/goldenerdachs.ch\/wp-content\/uploads\/2025\/09\/mitdaxpause_logo-300x126.jpg 300w, https:\/\/goldenerdachs.ch\/wp-content\/uploads\/2025\/09\/mitdaxpause_logo-1024x430.jpg 1024w, https:\/\/goldenerdachs.ch\/wp-content\/uploads\/2025\/09\/mitdaxpause_logo-768x322.jpg 768w, https:\/\/goldenerdachs.ch\/wp-content\/uploads\/2025\/09\/mitdaxpause_logo-1536x645.jpg 1536w, https:\/\/goldenerdachs.ch\/wp-content\/uploads\/2025\/09\/mitdaxpause_logo.jpg 2004w\" sizes=\"auto, (max-width: 150px) 100vw, 150px\" \/><\/a><br \/>Dienstag 11.30 &#8211; 14.00 Uhr<br \/>Mittwoch bis Freitag 11.30 &#8211; 23.00 Uhr<br \/>Samstag ab 17 Uhr Barbetrieb<\/p>\r\n<p><strong style=\"font-family: var(--global-body-font-family);\">Kommende Veranstaltungen<\/strong><span style=\"font-family: var(--global-body-font-family);\">:<\/span><span style=\"font-family: var(--global-body-font-family);\"><br \/>25. April &#8211; <a href=\"https:\/\/eventfrog.ch\/de\/p\/konzerte\/singer-songwriter\/estermann-rosenzweig-7444501162663880053.html\">Estermann und Rosenzweig<\/a> \u00a0 \u00a0&#8211; 20:15<br \/>26. April &#8211; Versuch \u00fcber das warten &#8211; 11:00<br \/>28. April &#8211; Neuste Lieblingsb\u00fccher und Musik von Andr\u00e9 Desponds &#8211; T\u00fcr\u00f6ffnung 19 Uhr<br \/>30. April &#8211; Dax Tanz Vol. 6<\/span><\/p>\r\n<p><strong style=\"font-family: var(--global-body-font-family);\">Raumnutzung und Miete<\/strong><span style=\"font-family: var(--global-body-font-family);\">: Das Lokal kann gemietet werden: Sonntag und Montag ganzt\u00e4gig, an den anderen Tagen nach Absprache. Mehr dazu auf <a href=\"mailto:info@goldenerdachs.ch\">Anfrage<\/a>.<\/span><\/p>\r\n<div data-kb-block=\"kb-adv-heading17902_670e01-f2\">\u00a0<\/div><\/div><\/div>","protected":false},"excerpt":{"rendered":"<p>Goldener Dachs &#8211; Ihr Treffpunkt f\u00fcr Kultur und GesellschaftEntdecken Sie unsere n\u00e4chsten EventsImmer informiert was l\u00e4uft auf unserem Whatsapp-Kanal \u00d6ffnungszeiten:1. Mai: geschlossenDo 14. Mai &#8211; Mo 25. Mai: geschlossenDienstag bis&#8230;<\/p>\n","protected":false},"author":1,"featured_media":0,"parent":0,"menu_order":0,"comment_status":"closed","ping_status":"closed","template":"","meta":{"_price":"","_stock":"","_tribe_ticket_header":"","_tribe_default_ticket_provider":"","_tribe_ticket_capacity":"0","_ticket_start_date":"","_ticket_end_date":"","_tribe_ticket_show_description":"","_tribe_ticket_show_not_going":false,"_tribe_ticket_use_global_stock":"","_tribe_ticket_global_stock_level":"","_global_stock_mode":"","_global_stock_cap":"","_tribe_rsvp_for_event":"","_tribe_ticket_going_count":"","_tribe_ticket_not_going_count":"","_tribe_tickets_list":"[]","_tribe_ticket_has_attendee_info_fields":false,"_kadence_starter_templates_imported_post":true,"_kad_post_transparent":"default","_kad_post_title":"hide","_kad_post_layout":"normal","_kad_post_sidebar_id":"","_kad_post_content_style":"default","_kad_post_vertical_padding":"hide","_kad_post_feature":"hide","_kad_post_feature_position":"","_kad_post_header":false,"_kad_post_footer":false,"footnotes":"","_tec_slr_enabled":"","_tec_slr_layout":""},"class_list":["post-36","page","type-page","status-publish","hentry"],"ticketed":false,"_links":{"self":[{"href":"https:\/\/goldenerdachs.ch\/index.php\/wp-json\/wp\/v2\/pages\/36","targetHints":{"allow":["GET"]}}],"collection":[{"href":"https:\/\/goldenerdachs.ch\/index.php\/wp-json\/wp\/v2\/pages"}],"about":[{"href":"https:\/\/goldenerdachs.ch\/index.php\/wp-json\/wp\/v2\/types\/page"}],"author":[{"embeddable":true,"href":"https:\/\/goldenerdachs.ch\/index.php\/wp-json\/wp\/v2\/users\/1"}],"replies":[{"embeddable":true,"href":"https:\/\/goldenerdachs.ch\/index.php\/wp-json\/wp\/v2\/comments?post=36"}],"version-history":[{"count":211,"href":"https:\/\/goldenerdachs.ch\/index.php\/wp-json\/wp\/v2\/pages\/36\/revisions"}],"predecessor-version":[{"id":1540,"href":"https:\/\/goldenerdachs.ch\/index.php\/wp-json\/wp\/v2\/pages\/36\/revisions\/1540"}],"wp:attachment":[{"href":"https:\/\/goldenerdachs.ch\/index.php\/wp-json\/wp\/v2\/media?parent=36"}],"curies":[{"name":"wp","href":"https:\/\/api.w.org\/{rel}","templated":true}]}}